{"id":3876,"date":"2026-04-09T19:12:06","date_gmt":"2026-04-09T19:12:06","guid":{"rendered":"https:\/\/briadamagri.com\/?post_type=product&#038;p=3876"},"modified":"2026-04-09T19:12:06","modified_gmt":"2026-04-09T19:12:06","slug":"pots-moyens","status":"publish","type":"product","link":"https:\/\/briadamagri.com\/en\/product\/pots-moyens\/","title":{"rendered":"Pots moyens"},"content":{"rendered":"<p><a href=\"https:\/\/www.icko-apiculture.com\/emballage\/pots-en-verre.html?litrage_pot_ml=8968,8969,8970,8971,8972,8973,8975,8976,8977,8978,8979,8980,8981,8982\"><strong>Les pots moyens en verre, avec des capacit\u00e9s allant de 150 \u00e0 500 millilitres,<\/strong><\/a>\u00a0sont adapt\u00e9s \u00e0 une consommation r\u00e9guli\u00e8re de miel et conviennent \u00e0 la plupart des m\u00e9nages. Leur taille pratique et polyvalente permet de les ranger facilement dans les placards de cuisine ou sur les \u00e9tag\u00e8res. Ils sont parfaits pour les apiculteurs qui souhaitent vendre leur miel sur les march\u00e9s locaux ou en ligne, offrant ainsi un conditionnement attrayant et fonctionnel pour les consommateurs.<\/p>","protected":false},"excerpt":{"rendered":"<p>Les pots moyens en verre, avec des capacit\u00e9s allant de 150 \u00e0 500 millilitres,\u00a0sont adapt\u00e9s \u00e0 une consommation r\u00e9guli\u00e8re de miel et conviennent \u00e0 la plupart des m\u00e9nages. Leur taille pratique et polyvalente permet de les ranger facilement dans les placards de cuisine ou sur les \u00e9tag\u00e8res. Ils sont parfaits pour les apiculteurs qui souhaitent&#8230;<\/p>","protected":false},"featured_media":3877,"comment_status":"open","ping_status":"closed","template":"","meta":{"_monsterinsights_skip_tracking":false,"_monsterinsights_sitenote_active":false,"_monsterinsights_sitenote_note":"","_monsterinsights_sitenote_category":0},"product_brand":[],"product_cat":[119],"product_tag":[],"class_list":{"0":"post-3876","1":"product","2":"type-product","3":"status-publish","4":"has-post-thumbnail","6":"product_cat-pot-de-miel","8":"first","9":"instock","10":"shipping-taxable","11":"product-type-simple"},"_links":{"self":[{"href":"https:\/\/briadamagri.com\/en\/wp-json\/wp\/v2\/product\/3876","targetHints":{"allow":["GET"]}}],"collection":[{"href":"https:\/\/briadamagri.com\/en\/wp-json\/wp\/v2\/product"}],"about":[{"href":"https:\/\/briadamagri.com\/en\/wp-json\/wp\/v2\/types\/product"}],"replies":[{"embeddable":true,"href":"https:\/\/briadamagri.com\/en\/wp-json\/wp\/v2\/comments?post=3876"}],"wp:featuredmedia":[{"embeddable":true,"href":"https:\/\/briadamagri.com\/en\/wp-json\/wp\/v2\/media\/3877"}],"wp:attachment":[{"href":"https:\/\/briadamagri.com\/en\/wp-json\/wp\/v2\/media?parent=3876"}],"wp:term":[{"taxonomy":"product_brand","embeddable":true,"href":"https:\/\/briadamagri.com\/en\/wp-json\/wp\/v2\/product_brand?post=3876"},{"taxonomy":"product_cat","embeddable":true,"href":"https:\/\/briadamagri.com\/en\/wp-json\/wp\/v2\/product_cat?post=3876"},{"taxonomy":"product_tag","embeddable":true,"href":"https:\/\/briadamagri.com\/en\/wp-json\/wp\/v2\/product_tag?post=3876"}],"curies":[{"name":"wp","href":"https:\/\/api.w.org\/{rel}","templated":true}]}}