{"id":3910,"date":"2026-04-09T21:01:33","date_gmt":"2026-04-09T21:01:33","guid":{"rendered":"https:\/\/briadamagri.com\/?post_type=product&#038;p=3910"},"modified":"2026-04-09T21:01:33","modified_gmt":"2026-04-09T21:01:33","slug":"doseuse-et-pompe-a-miel-professionnelle-2","status":"publish","type":"product","link":"https:\/\/briadamagri.com\/en\/product\/doseuse-et-pompe-a-miel-professionnelle-2\/","title":{"rendered":"Doseuse et pompe \u00e0 miel professionnelle"},"content":{"rendered":"<p>Optimisez votre mise en pot avec la doseuse , l\u2019\u00e9quipement professionnel id\u00e9al pour conditionner miels liquides et cr\u00e9meux. Cet appareil polyvalent combine une pompe \u00e0 engrenages performante et un programmateur \u00e9lectronique, assurant un dosage constant d\u2019une pr\u00e9cision de 1 gramme. Aspirez le miel directement depuis votre maturateur et utilisez-la comme pompe de transfert. Sa cadence \u00e9lev\u00e9e (jusqu\u2019\u00e0 600 kg\/heure) en fait un atout majeur pour votre miellerie, support en inox inclus.<\/p>","protected":false},"excerpt":{"rendered":"<p>Optimisez votre mise en pot avec la doseuse , l\u2019\u00e9quipement professionnel id\u00e9al pour conditionner miels liquides et cr\u00e9meux. Cet appareil polyvalent combine une pompe \u00e0 engrenages performante et un programmateur \u00e9lectronique, assurant un dosage constant d\u2019une pr\u00e9cision de 1 gramme. Aspirez le miel directement depuis votre maturateur et utilisez-la comme pompe de transfert. Sa cadence&#8230;<\/p>","protected":false},"featured_media":3911,"comment_status":"open","ping_status":"closed","template":"","meta":{"_monsterinsights_skip_tracking":false,"_monsterinsights_sitenote_active":false,"_monsterinsights_sitenote_note":"","_monsterinsights_sitenote_category":0},"product_brand":[],"product_cat":[120],"product_tag":[],"class_list":{"0":"post-3910","1":"product","2":"type-product","3":"status-publish","4":"has-post-thumbnail","6":"product_cat-doseuse","8":"first","9":"instock","10":"shipping-taxable","11":"product-type-simple"},"_links":{"self":[{"href":"https:\/\/briadamagri.com\/en\/wp-json\/wp\/v2\/product\/3910","targetHints":{"allow":["GET"]}}],"collection":[{"href":"https:\/\/briadamagri.com\/en\/wp-json\/wp\/v2\/product"}],"about":[{"href":"https:\/\/briadamagri.com\/en\/wp-json\/wp\/v2\/types\/product"}],"replies":[{"embeddable":true,"href":"https:\/\/briadamagri.com\/en\/wp-json\/wp\/v2\/comments?post=3910"}],"wp:featuredmedia":[{"embeddable":true,"href":"https:\/\/briadamagri.com\/en\/wp-json\/wp\/v2\/media\/3911"}],"wp:attachment":[{"href":"https:\/\/briadamagri.com\/en\/wp-json\/wp\/v2\/media?parent=3910"}],"wp:term":[{"taxonomy":"product_brand","embeddable":true,"href":"https:\/\/briadamagri.com\/en\/wp-json\/wp\/v2\/product_brand?post=3910"},{"taxonomy":"product_cat","embeddable":true,"href":"https:\/\/briadamagri.com\/en\/wp-json\/wp\/v2\/product_cat?post=3910"},{"taxonomy":"product_tag","embeddable":true,"href":"https:\/\/briadamagri.com\/en\/wp-json\/wp\/v2\/product_tag?post=3910"}],"curies":[{"name":"wp","href":"https:\/\/api.w.org\/{rel}","templated":true}]}}