{"id":3943,"date":"2026-04-09T23:16:11","date_gmt":"2026-04-09T23:16:11","guid":{"rendered":"https:\/\/briadamagri.com\/?post_type=product&#038;p=3943"},"modified":"2026-04-09T23:16:11","modified_gmt":"2026-04-09T23:16:11","slug":"four-a-cire-a-vapeur-pour-15-cadres-acier-inoxydable","status":"publish","type":"product","link":"https:\/\/briadamagri.com\/en\/product\/four-a-cire-a-vapeur-pour-15-cadres-acier-inoxydable\/","title":{"rendered":"Four \u00e0 cire \u00e0 vapeur pour 15 cadres (acier inoxydable)"},"content":{"rendered":"<h6 class=\"vc_custom_heading\"><span dir=\"auto\">Un four \u00e0 cire \u00e0 vapeur pour cadres est con\u00e7u pour extraire la cire des cadres anciens et friables par fusion \u00e0 la vapeur. Ce processus automatis\u00e9 pr\u00e9serve la puret\u00e9 des cadres.<\/span><br \/>\n<span dir=\"auto\">Le four se compose d&#8217;un corps, d&#8217;un bloc d&#8217;insertion et d&#8217;un couvercle. Des pieds sont fournis. Le corps est muni d&#8217;un orifice de remplissage pour l&#8217;alimentation en eau et d&#8217;un orifice de vidange pour l&#8217;\u00e9vacuation de la cire restante et de l&#8217;eau en exc\u00e8s. Un tuyau flexible permet le raccordement au g\u00e9n\u00e9rateur de vapeur et \u00e0 la vanne HSV. Le bloc d&#8217;insertion se replie pour former un bo\u00eetier et un plateau. Les cadres, contenant des \u00e9chantillons, sont fascin\u00e9s par les chats. Le corps du four est \u00e9quip\u00e9 d&#8217;une porte ouverte. Les bacs s&#8217;ouvrent pour accueillir jusqu&#8217;\u00e0 plusieurs centaines de cadres. La cire s&#8217;\u00e9coule dans le plateau par les ouvertures situ\u00e9es au fond du creuset, facilitant ainsi le nettoyage. Un bloc de s\u00e9curit\u00e9 avec poign\u00e9es permet la fixation au corps. Le four est fabriqu\u00e9 en acier inoxydable.<\/span><\/h6>\n<p>&nbsp;<\/p>\n<p>&nbsp;<\/p>\n<h6 class=\"vc_custom_heading\"><span dir=\"auto\">Caract\u00e9ristiques techniques\u00a0:<\/span><br \/>\n<span dir=\"auto\">Cadres fantaisie de classe 1 avec entretoise (largeur 37\u00a0mm)\u00a0; 15<\/span><br \/>\n<span dir=\"auto\">heures de coupe\u00a0; 45\u00a0heures de fonctionnement\u00a0;<\/span><br \/>\n<span dir=\"auto\">Poids du moulin \u00e0 cire\u00a0: 22\u00a0kg\u00a0;<\/span><br \/>\n<span dir=\"auto\">Dur\u00e9e de vie moyenne\u00a0: minimum 6\u00a0ans\u00a0;<\/span><br \/>\n<span dir=\"auto\">Volume d\u2019eau\u00a0: 20\u00a0l<\/span><\/h6>\n<p>&nbsp;<\/p>\n<p><span dir=\"auto\">Dimensions hors tout du fondoir \u00e0 cire, mm :<\/span><br \/>\n<span dir=\"auto\">(hauteur x longueur x largeur) &#8211; 806 x 749 x 697<\/span><\/p>\n<p><span dir=\"auto\">Proc\u00e9dure<\/span><br \/>\n<span dir=\"auto\">Avant d&#8217;utiliser le four \u00e0 cire, nettoyez-le et rincez-le \u00e0 l&#8217;eau chaude.<\/span><br \/>\n<span dir=\"auto\">Ensuite\u00a0:<\/span><br \/>\n<span dir=\"auto\">&#8211; versez de l&#8217;eau dans le four \u00e0 cire par l&#8217;ouverture situ\u00e9e \u00e0 l&#8217;arri\u00e8re \u00e0 l&#8217;aide d&#8217;un arrosoir (l&#8217;eau doit recouvrir la p\u00e2te, avec une petite quantit\u00e9 de sel, par exemple une pinc\u00e9e)\u00a0;<\/span><br \/>\n<span dir=\"auto\">&#8211; placez le four \u00e0 cire sur ses pieds au-dessus d&#8217;une petite casserole ininflammable ou au-dessus d&#8217;une flamme ininflammable d&#8217;un r\u00e9chaud \u00e0 gaz et placez un r\u00e9cipient pour recueillir la cire sous la partie chaude\u00a0;<\/span><br \/>\n<span dir=\"auto\">&#8211; prenez le krishka\u00a0;<\/span><br \/>\n<span dir=\"auto\">&#8211; ins\u00e9rez les cadres en nid d&#8217;abeille dans le sac\u00a0;<\/span><br \/>\n<span dir=\"auto\">&#8211; couvrez avec un couvercle et commencez la cuisson.<\/span><br \/>\n<span dir=\"auto\">Apr\u00e8s utilisation, nettoyez soigneusement le four \u00e0 cire, rincez-le et videz l&#8217;eau restante.<\/span><br \/>\n<span dir=\"auto\">La conservation du four \u00e0 cire est assur\u00e9e par des lavages r\u00e9guliers qui garantissent sa pr\u00e9servation, sa consistance et son aspect commercialisable.<\/span><\/p>\n<p><span dir=\"auto\">Objectif commercial &#8211; 1132<\/span><\/p>\n<p><span dir=\"auto\">Commandez et achetez le produit Four \u00e0 cire \u00e0 vapeur pour 15 cadres (acier inoxydable) dans notre boutique en ligne &#8220;BRIADAM-AGRI&#8221;.<\/span><\/p>","protected":false},"excerpt":{"rendered":"<p>Un four \u00e0 cire \u00e0 vapeur pour cadres est con\u00e7u pour extraire la cire des cadres anciens et friables par fusion \u00e0 la vapeur. Ce processus automatis\u00e9 pr\u00e9serve la puret\u00e9 des cadres. Le four se compose d&#8217;un corps, d&#8217;un bloc d&#8217;insertion et d&#8217;un couvercle. Des pieds sont fournis. Le corps est muni d&#8217;un orifice de&#8230;<\/p>","protected":false},"featured_media":3944,"comment_status":"open","ping_status":"closed","template":"","meta":{"_monsterinsights_skip_tracking":false,"_monsterinsights_sitenote_active":false,"_monsterinsights_sitenote_note":"","_monsterinsights_sitenote_category":0},"product_brand":[],"product_cat":[122],"product_tag":[],"class_list":{"0":"post-3943","1":"product","2":"type-product","3":"status-publish","4":"has-post-thumbnail","6":"product_cat-bac-de-desoperculer","8":"first","9":"instock","10":"shipping-taxable","11":"product-type-simple"},"_links":{"self":[{"href":"https:\/\/briadamagri.com\/en\/wp-json\/wp\/v2\/product\/3943","targetHints":{"allow":["GET"]}}],"collection":[{"href":"https:\/\/briadamagri.com\/en\/wp-json\/wp\/v2\/product"}],"about":[{"href":"https:\/\/briadamagri.com\/en\/wp-json\/wp\/v2\/types\/product"}],"replies":[{"embeddable":true,"href":"https:\/\/briadamagri.com\/en\/wp-json\/wp\/v2\/comments?post=3943"}],"wp:featuredmedia":[{"embeddable":true,"href":"https:\/\/briadamagri.com\/en\/wp-json\/wp\/v2\/media\/3944"}],"wp:attachment":[{"href":"https:\/\/briadamagri.com\/en\/wp-json\/wp\/v2\/media?parent=3943"}],"wp:term":[{"taxonomy":"product_brand","embeddable":true,"href":"https:\/\/briadamagri.com\/en\/wp-json\/wp\/v2\/product_brand?post=3943"},{"taxonomy":"product_cat","embeddable":true,"href":"https:\/\/briadamagri.com\/en\/wp-json\/wp\/v2\/product_cat?post=3943"},{"taxonomy":"product_tag","embeddable":true,"href":"https:\/\/briadamagri.com\/en\/wp-json\/wp\/v2\/product_tag?post=3943"}],"curies":[{"name":"wp","href":"https:\/\/api.w.org\/{rel}","templated":true}]}}