{"id":3945,"date":"2026-04-09T23:18:52","date_gmt":"2026-04-09T23:18:52","guid":{"rendered":"https:\/\/briadamagri.com\/?post_type=product&#038;p=3945"},"modified":"2026-04-09T23:18:53","modified_gmt":"2026-04-09T23:18:53","slug":"four-a-cire-a-vapeur-12-l-acier-inoxydable","status":"publish","type":"product","link":"https:\/\/briadamagri.com\/en\/product\/four-a-cire-a-vapeur-12-l-acier-inoxydable\/","title":{"rendered":"Four \u00e0 cire \u00e0 vapeur 12 l (acier inoxydable)"},"content":{"rendered":"<p>Con\u00e7u pour le traitement \u00e0 la vapeur de petites quantit\u00e9s de cire. Il se compose de deux cuves, sup\u00e9rieure et inf\u00e9rieure, de bacs de r\u00e9cup\u00e9ration de la cire et d&#8217;un couvercle. Fabriqu\u00e9 \u00e0 partir de t\u00f4les d&#8217;acier inoxydable lamin\u00e9es.<\/p>","protected":false},"excerpt":{"rendered":"<p>Con\u00e7u pour le traitement \u00e0 la vapeur de petites quantit\u00e9s de cire. Il se compose de deux cuves, sup\u00e9rieure et inf\u00e9rieure, de bacs de r\u00e9cup\u00e9ration de la cire et d&#8217;un couvercle. Fabriqu\u00e9 \u00e0 partir de t\u00f4les d&#8217;acier inoxydable lamin\u00e9es.<\/p>","protected":false},"featured_media":3946,"comment_status":"open","ping_status":"closed","template":"","meta":{"_monsterinsights_skip_tracking":false,"_monsterinsights_sitenote_active":false,"_monsterinsights_sitenote_note":"","_monsterinsights_sitenote_category":0},"product_brand":[],"product_cat":[122],"product_tag":[],"class_list":{"0":"post-3945","1":"product","2":"type-product","3":"status-publish","4":"has-post-thumbnail","6":"product_cat-bac-de-desoperculer","8":"first","9":"instock","10":"shipping-taxable","11":"product-type-simple"},"_links":{"self":[{"href":"https:\/\/briadamagri.com\/en\/wp-json\/wp\/v2\/product\/3945","targetHints":{"allow":["GET"]}}],"collection":[{"href":"https:\/\/briadamagri.com\/en\/wp-json\/wp\/v2\/product"}],"about":[{"href":"https:\/\/briadamagri.com\/en\/wp-json\/wp\/v2\/types\/product"}],"replies":[{"embeddable":true,"href":"https:\/\/briadamagri.com\/en\/wp-json\/wp\/v2\/comments?post=3945"}],"wp:featuredmedia":[{"embeddable":true,"href":"https:\/\/briadamagri.com\/en\/wp-json\/wp\/v2\/media\/3946"}],"wp:attachment":[{"href":"https:\/\/briadamagri.com\/en\/wp-json\/wp\/v2\/media?parent=3945"}],"wp:term":[{"taxonomy":"product_brand","embeddable":true,"href":"https:\/\/briadamagri.com\/en\/wp-json\/wp\/v2\/product_brand?post=3945"},{"taxonomy":"product_cat","embeddable":true,"href":"https:\/\/briadamagri.com\/en\/wp-json\/wp\/v2\/product_cat?post=3945"},{"taxonomy":"product_tag","embeddable":true,"href":"https:\/\/briadamagri.com\/en\/wp-json\/wp\/v2\/product_tag?post=3945"}],"curies":[{"name":"wp","href":"https:\/\/api.w.org\/{rel}","templated":true}]}}