{"id":3949,"date":"2026-04-09T23:29:36","date_gmt":"2026-04-09T23:29:36","guid":{"rendered":"https:\/\/briadamagri.com\/?post_type=product&#038;p=3949"},"modified":"2026-04-09T23:29:36","modified_gmt":"2026-04-09T23:29:36","slug":"fondoir-a-cire-a-vapeur-30-l-acier-inoxydable","status":"publish","type":"product","link":"https:\/\/briadamagri.com\/en\/product\/fondoir-a-cire-a-vapeur-30-l-acier-inoxydable\/","title":{"rendered":"Fondoir \u00e0 cire \u00e0 vapeur 30 l (acier inoxydable)"},"content":{"rendered":"<p><span dir=\"auto\">Le four de fusion de cire \u00e0 vapeur VTP30 est con\u00e7u pour le traitement des mati\u00e8res premi\u00e8res cireuses par fusion.<\/span><br \/>\n<span dir=\"auto\">Avant utilisation, le four doit \u00eatre rinc\u00e9 \u00e0 l&#8217;eau chaude.<\/span><br \/>\n<span dir=\"auto\">Apr\u00e8s rin\u00e7age, de l&#8217;eau est vers\u00e9e dans l&#8217;espace entre les parois jusqu&#8217;\u00e0 ce qu&#8217;elle s&#8217;\u00e9coule par le tuyau de vidange, puis le four est ferm\u00e9 \u00e0 l&#8217;aide d&#8217;un bouchon.<\/span><br \/>\n<span dir=\"auto\">Le panier est rempli de cire, ins\u00e9r\u00e9 dans le four et ferm\u00e9 par un couvercle.<\/span><br \/>\n<span dir=\"auto\">Le four, une fois charg\u00e9 de cire, est plac\u00e9 sur un dispositif de chauffage, et un r\u00e9cipient pour la cire est positionn\u00e9 sous le tuyau de vidange. La vapeur d&#8217;eau, produite par l&#8217;\u00e9bullition, traverse les orifices du r\u00e9servoir int\u00e9rieur et du panier, atteint la cire et la fait fondre. La cire s&#8217;\u00e9coule ensuite par le tuyau de vidange dans le r\u00e9cipient. Pour une extraction plus compl\u00e8te de la cire, il est n\u00e9cessaire de remuer r\u00e9guli\u00e8rement le contenu du panier pendant le fonctionnement, ou de le secouer l\u00e9g\u00e8rement afin de r\u00e9duire l&#8217;intensit\u00e9 de la vaporisation et d&#8217;ouvrir le couvercle.<\/span><br \/>\n<span dir=\"auto\">Une fois la cire compl\u00e8tement extraite, le panier est retir\u00e9, les scories sont enlev\u00e9es, une nouvelle portion de mati\u00e8re premi\u00e8re cireuse est charg\u00e9e et le cycle se r\u00e9p\u00e8te.<\/span><\/p>","protected":false},"excerpt":{"rendered":"<p>Le four de fusion de cire \u00e0 vapeur VTP30 est con\u00e7u pour le traitement des mati\u00e8res premi\u00e8res cireuses par fusion. Avant utilisation, le four doit \u00eatre rinc\u00e9 \u00e0 l&#8217;eau chaude. Apr\u00e8s rin\u00e7age, de l&#8217;eau est vers\u00e9e dans l&#8217;espace entre les parois jusqu&#8217;\u00e0 ce qu&#8217;elle s&#8217;\u00e9coule par le tuyau de vidange, puis le four est ferm\u00e9&#8230;<\/p>","protected":false},"featured_media":3950,"comment_status":"open","ping_status":"closed","template":"","meta":{"_monsterinsights_skip_tracking":false,"_monsterinsights_sitenote_active":false,"_monsterinsights_sitenote_note":"","_monsterinsights_sitenote_category":0},"product_brand":[],"product_cat":[122],"product_tag":[],"class_list":{"0":"post-3949","1":"product","2":"type-product","3":"status-publish","4":"has-post-thumbnail","6":"product_cat-bac-de-desoperculer","8":"first","9":"instock","10":"shipping-taxable","11":"product-type-simple"},"_links":{"self":[{"href":"https:\/\/briadamagri.com\/en\/wp-json\/wp\/v2\/product\/3949","targetHints":{"allow":["GET"]}}],"collection":[{"href":"https:\/\/briadamagri.com\/en\/wp-json\/wp\/v2\/product"}],"about":[{"href":"https:\/\/briadamagri.com\/en\/wp-json\/wp\/v2\/types\/product"}],"replies":[{"embeddable":true,"href":"https:\/\/briadamagri.com\/en\/wp-json\/wp\/v2\/comments?post=3949"}],"wp:featuredmedia":[{"embeddable":true,"href":"https:\/\/briadamagri.com\/en\/wp-json\/wp\/v2\/media\/3950"}],"wp:attachment":[{"href":"https:\/\/briadamagri.com\/en\/wp-json\/wp\/v2\/media?parent=3949"}],"wp:term":[{"taxonomy":"product_brand","embeddable":true,"href":"https:\/\/briadamagri.com\/en\/wp-json\/wp\/v2\/product_brand?post=3949"},{"taxonomy":"product_cat","embeddable":true,"href":"https:\/\/briadamagri.com\/en\/wp-json\/wp\/v2\/product_cat?post=3949"},{"taxonomy":"product_tag","embeddable":true,"href":"https:\/\/briadamagri.com\/en\/wp-json\/wp\/v2\/product_tag?post=3949"}],"curies":[{"name":"wp","href":"https:\/\/api.w.org\/{rel}","templated":true}]}}