{"id":3952,"date":"2026-04-09T23:35:59","date_gmt":"2026-04-09T23:35:59","guid":{"rendered":"https:\/\/briadamagri.com\/?post_type=product&#038;p=3952"},"modified":"2026-04-09T23:35:59","modified_gmt":"2026-04-09T23:35:59","slug":"fondoir-a-cire-pour-generateur-de-vapeur-1-m-pour-25-cadres","status":"publish","type":"product","link":"https:\/\/briadamagri.com\/en\/product\/fondoir-a-cire-pour-generateur-de-vapeur-1-m-pour-25-cadres\/","title":{"rendered":"Fondoir \u00e0 cire pour g\u00e9n\u00e9rateur de vapeur, 1 m, pour 25 cadres"},"content":{"rendered":"<p><span dir=\"auto\">Un four \u00e0 cire \u00e0 vapeur pour 25 cadres, aliment\u00e9 par un g\u00e9n\u00e9rateur de vapeur, est con\u00e7u pour extraire la cire de cadres anciens et friables par fusion \u00e0 la vapeur.<\/span><br \/>\n<span dir=\"auto\">Ce proc\u00e9d\u00e9 robotis\u00e9 pr\u00e9serve la puret\u00e9 des cadres.<\/span><br \/>\n<span dir=\"auto\">Le four se compose de\u00a0:<\/span><br \/>\n<span dir=\"auto\">un corps\u00a0;<\/span><br \/>\n<span dir=\"auto\">des supports \u00e0 pieds t\u00e9lescopiques\u00a0;<\/span><br \/>\n<span dir=\"auto\">des couvercles en acier inoxydable\u00a0;<\/span><br \/>\n<span dir=\"auto\">et un bac plat pour la r\u00e9cup\u00e9ration et la filtration de la cire.<\/span><br \/>\n<span dir=\"auto\">Le corps est \u00e9quip\u00e9 d&#8217;un raccord pour le raccordement d&#8217;un tuyau au g\u00e9n\u00e9rateur de vapeur et d&#8217;un syst\u00e8me de vidange pour l&#8217;\u00e9vacuation de la cire r\u00e9siduelle, de l&#8217;eau et des condensats.<\/span><br \/>\n<span dir=\"auto\">Mat\u00e9riau\u00a0: t\u00f4le d&#8217;acier inoxydable AISI 304 de 0,8 mm d&#8217;\u00e9paisseur.<\/span><\/p>\n<p>&nbsp;<\/p>\n<p><span dir=\"auto\">Nombre de cadres assembl\u00e9s \u00e0 partir d&#8217;un s\u00e9parateur, unit\u00e9s \u2013 25\u00a0;<\/span><br \/>\n<span dir=\"auto\">Heures de traitement d&#8217;un lot de cadres, xv. \u2013 20\u202625\u00a0;<\/span><br \/>\n<span dir=\"auto\">Poids du four \u00e0 cire avec support, kg \u2013 23\u00a0;<\/span><br \/>\n<span dir=\"auto\">Dur\u00e9e de vie moyenne, minimum \u2013 6<\/span><\/p>\n<p><span dir=\"auto\">DIMENSIONS DES FOYERS \u00c0 CIRE<\/span><br \/>\n<span dir=\"auto\">Dovzhina, mm \u2013 1005<\/span><br \/>\n<span dir=\"auto\">Largeur, mm \u2013 500<\/span><br \/>\n<span dir=\"auto\">Hauteur, mm \u2013 810<\/span><br \/>\n<span dir=\"auto\">Hauteur avec pieds repli\u00e9s, mm \u2013 620<\/span><\/p>","protected":false},"excerpt":{"rendered":"<p>Un four \u00e0 cire \u00e0 vapeur pour 25 cadres, aliment\u00e9 par un g\u00e9n\u00e9rateur de vapeur, est con\u00e7u pour extraire la cire de cadres anciens et friables par fusion \u00e0 la vapeur. Ce proc\u00e9d\u00e9 robotis\u00e9 pr\u00e9serve la puret\u00e9 des cadres. Le four se compose de\u00a0: un corps\u00a0; des supports \u00e0 pieds t\u00e9lescopiques\u00a0; des couvercles en acier&#8230;<\/p>","protected":false},"featured_media":3953,"comment_status":"open","ping_status":"closed","template":"","meta":{"_monsterinsights_skip_tracking":false,"_monsterinsights_sitenote_active":false,"_monsterinsights_sitenote_note":"","_monsterinsights_sitenote_category":0},"product_brand":[],"product_cat":[122],"product_tag":[],"class_list":{"0":"post-3952","1":"product","2":"type-product","3":"status-publish","4":"has-post-thumbnail","6":"product_cat-bac-de-desoperculer","8":"first","9":"instock","10":"shipping-taxable","11":"product-type-simple"},"_links":{"self":[{"href":"https:\/\/briadamagri.com\/en\/wp-json\/wp\/v2\/product\/3952","targetHints":{"allow":["GET"]}}],"collection":[{"href":"https:\/\/briadamagri.com\/en\/wp-json\/wp\/v2\/product"}],"about":[{"href":"https:\/\/briadamagri.com\/en\/wp-json\/wp\/v2\/types\/product"}],"replies":[{"embeddable":true,"href":"https:\/\/briadamagri.com\/en\/wp-json\/wp\/v2\/comments?post=3952"}],"wp:featuredmedia":[{"embeddable":true,"href":"https:\/\/briadamagri.com\/en\/wp-json\/wp\/v2\/media\/3953"}],"wp:attachment":[{"href":"https:\/\/briadamagri.com\/en\/wp-json\/wp\/v2\/media?parent=3952"}],"wp:term":[{"taxonomy":"product_brand","embeddable":true,"href":"https:\/\/briadamagri.com\/en\/wp-json\/wp\/v2\/product_brand?post=3952"},{"taxonomy":"product_cat","embeddable":true,"href":"https:\/\/briadamagri.com\/en\/wp-json\/wp\/v2\/product_cat?post=3952"},{"taxonomy":"product_tag","embeddable":true,"href":"https:\/\/briadamagri.com\/en\/wp-json\/wp\/v2\/product_tag?post=3952"}],"curies":[{"name":"wp","href":"https:\/\/api.w.org\/{rel}","templated":true}]}}