{"id":3955,"date":"2026-04-09T23:38:07","date_gmt":"2026-04-09T23:38:07","guid":{"rendered":"https:\/\/briadamagri.com\/?post_type=product&#038;p=3955"},"modified":"2026-04-09T23:39:16","modified_gmt":"2026-04-09T23:39:16","slug":"fondoir-a-cire-pour-generateur-de-vapeur-1-m-pour-25-cadres-2","status":"publish","type":"product","link":"https:\/\/briadamagri.com\/en\/product\/fondoir-a-cire-pour-generateur-de-vapeur-1-m-pour-25-cadres-2\/","title":{"rendered":"Four \u00e0 cire fondue pour g\u00e9n\u00e9rateur de vapeur 1,5 m pour 39 cadres, avec panier plat FB et couvercle"},"content":{"rendered":"<p><span dir=\"auto\">Le creuset \u00e0 cire \u00e0 vapeur pour 39 cadres, destin\u00e9 \u00e0 un g\u00e9n\u00e9rateur de vapeur, est con\u00e7u pour extraire la cire des moules usag\u00e9s par fusion \u00e0 la vapeur.<\/span><br \/>\n<span dir=\"auto\">Les cadres sont \u00e9galement d\u00e9sinfect\u00e9s pendant son utilisation.<\/span><br \/>\n<span dir=\"auto\">Le creuset se compose de\u00a0:<\/span><br \/>\n<span dir=\"auto\">un corps\u00a0;<\/span><br \/>\n<span dir=\"auto\">un support \u00e0 pieds t\u00e9lescopiques\u00a0;<\/span><br \/>\n<span dir=\"auto\">un couvercle en acier inoxydable\u00a0;<\/span><br \/>\n<span dir=\"auto\">un panier plat pour la d\u00e9cantation et la filtration de la cire.<\/span><br \/>\n<span dir=\"auto\">Le corps est \u00e9quip\u00e9 d&#8217;un raccord pour le branchement d&#8217;un tuyau au g\u00e9n\u00e9rateur de vapeur et d&#8217;un syst\u00e8me de vidange pour l&#8217;\u00e9vacuation de la cire liquide, de l&#8217;eau et des condensats.<\/span><br \/>\n<span dir=\"auto\">Mat\u00e9riau\u00a0: t\u00f4le d&#8217;acier inoxydable AISI 304 de 0,8\u00a0mm d&#8217;\u00e9paisseur.<\/span><\/p>\n<p>&nbsp;<\/p>\n<p><span dir=\"auto\">Nombre de cadres charg\u00e9s avec s\u00e9parateur, unit\u00e9s\u00a0: 25\u00a0;<\/span><br \/>\n<span dir=\"auto\">Temps de traitement d\u2019un lot de cadres, min\u00a0: 20 \u00e0 25\u00a0;<\/span><br \/>\n<span dir=\"auto\">Masse de l\u2019unit\u00e9 de fusion de cire avec support, kg\u00a0: 23\u00a0;<\/span><br \/>\n<span dir=\"auto\">Dur\u00e9e de vie moyenne, ann\u00e9es, minimum\u00a0: 6<\/span><\/p>\n<p><span dir=\"auto\">DIMENSIONS G\u00c9N\u00c9RALES DE LA MACHINE DE MOULAGE \u00c0 LA CIRE<\/span><br \/>\n<span dir=\"auto\">Longueur, mm \u2013 1005<\/span><br \/>\n<span dir=\"auto\">Largeur, mm \u2013 500<\/span><br \/>\n<span dir=\"auto\">Hauteur, mm \u2013 810<\/span><br \/>\n<span dir=\"auto\">Hauteur avec pieds repli\u00e9s, mm \u2013 620<\/span><\/p>","protected":false},"excerpt":{"rendered":"<p>Le creuset \u00e0 cire \u00e0 vapeur pour 39 cadres, destin\u00e9 \u00e0 un g\u00e9n\u00e9rateur de vapeur, est con\u00e7u pour extraire la cire des moules usag\u00e9s par fusion \u00e0 la vapeur. Les cadres sont \u00e9galement d\u00e9sinfect\u00e9s pendant son utilisation. Le creuset se compose de\u00a0: un corps\u00a0; un support \u00e0 pieds t\u00e9lescopiques\u00a0; un couvercle en acier inoxydable\u00a0; un&#8230;<\/p>","protected":false},"featured_media":3953,"comment_status":"open","ping_status":"closed","template":"","meta":{"_monsterinsights_skip_tracking":false,"_monsterinsights_sitenote_active":false,"_monsterinsights_sitenote_note":"","_monsterinsights_sitenote_category":0},"product_brand":[],"product_cat":[122],"product_tag":[],"class_list":{"0":"post-3955","1":"product","2":"type-product","3":"status-publish","4":"has-post-thumbnail","6":"product_cat-bac-de-desoperculer","8":"first","9":"instock","10":"shipping-taxable","11":"product-type-simple"},"_links":{"self":[{"href":"https:\/\/briadamagri.com\/en\/wp-json\/wp\/v2\/product\/3955","targetHints":{"allow":["GET"]}}],"collection":[{"href":"https:\/\/briadamagri.com\/en\/wp-json\/wp\/v2\/product"}],"about":[{"href":"https:\/\/briadamagri.com\/en\/wp-json\/wp\/v2\/types\/product"}],"replies":[{"embeddable":true,"href":"https:\/\/briadamagri.com\/en\/wp-json\/wp\/v2\/comments?post=3955"}],"wp:featuredmedia":[{"embeddable":true,"href":"https:\/\/briadamagri.com\/en\/wp-json\/wp\/v2\/media\/3953"}],"wp:attachment":[{"href":"https:\/\/briadamagri.com\/en\/wp-json\/wp\/v2\/media?parent=3955"}],"wp:term":[{"taxonomy":"product_brand","embeddable":true,"href":"https:\/\/briadamagri.com\/en\/wp-json\/wp\/v2\/product_brand?post=3955"},{"taxonomy":"product_cat","embeddable":true,"href":"https:\/\/briadamagri.com\/en\/wp-json\/wp\/v2\/product_cat?post=3955"},{"taxonomy":"product_tag","embeddable":true,"href":"https:\/\/briadamagri.com\/en\/wp-json\/wp\/v2\/product_tag?post=3955"}],"curies":[{"name":"wp","href":"https:\/\/api.w.org\/{rel}","templated":true}]}}