{"id":3956,"date":"2026-04-09T23:54:57","date_gmt":"2026-04-09T23:54:57","guid":{"rendered":"https:\/\/briadamagri.com\/?post_type=product&#038;p=3956"},"modified":"2026-04-10T20:17:51","modified_gmt":"2026-04-10T20:17:51","slug":"une-machine-a-former-le-ruban-et-une-machine-a-rouler-la-cire","status":"publish","type":"product","link":"https:\/\/briadamagri.com\/en\/product\/une-machine-a-former-le-ruban-et-une-machine-a-rouler-la-cire\/","title":{"rendered":"une machine \u00e0 former le ruban et une machine \u00e0 rouler la cire."},"content":{"rendered":"<p><span dir=\"auto\">L&#8217;unit\u00e9 se compose de deux parties principales : une machine \u00e0 former le ruban et une machine \u00e0 rouler la cire.<\/span><br \/>\n<span dir=\"auto\">La machine \u00e0 former le ruban permet d&#8217;obtenir un ruban de cire lisse enroul\u00e9 en rouleau.<\/span><br \/>\n<span dir=\"auto\">Elle est notamment \u00e9quip\u00e9e d&#8217;une chambre de pressage sp\u00e9ciale. Lors de son passage dans cette chambre, la cire est compact\u00e9e et sa composition est uniformis\u00e9e sur toute la longueur du ruban. Ceci permet d&#8217;obtenir la r\u00e9sistance, l&#8217;\u00e9lasticit\u00e9 et la duret\u00e9 n\u00e9cessaires, des propri\u00e9t\u00e9s essentielles pour la remise en place des rayons dans la ruche en \u00e9t\u00e9 et pour la r\u00e9colte du miel. \u00c0 la sortie de la chambre de pressage, gr\u00e2ce \u00e0 diff\u00e9rents inserts, on obtient un ruban de cire d&#8217;une largeur de 100 \u00e0 350 mm. Le<\/span><br \/>\n<span dir=\"auto\">rayon fini est form\u00e9 sur la machine \u00e0 rouler la cire. Cette<\/span><br \/>\n<span dir=\"auto\">derni\u00e8re est \u00e9quip\u00e9e d&#8217;un dispositif de tension ind\u00e9pendant qui permet d&#8217;obtenir la taille et la forme exactes des alv\u00e9oles. Ce dispositif modifie la tension de la bande de cire sortant des rouleaux et r\u00e9gule ainsi la taille des alv\u00e9oles lors du laminage, car les param\u00e8tres thermiques et d&#8217;humidit\u00e9 ambiants influent fortement sur cette taille. La longueur des feuilles de cire est \u00e9galement ajustable de 300 mm \u00e0 500 mm gr\u00e2ce au r\u00e9glage du m\u00e9canisme de coupe. L&#8217;espace minimal requis pour l&#8217;installation de l&#8217;appareil est de 20 m\u00b2.<\/span><\/p>\n<p>&nbsp;<\/p>\n<p><span dir=\"auto\">Ces unit\u00e9s peuvent fonctionner avec ou sans refroidisseurs de liquide (dans cette version, le refroidissement est assur\u00e9 par de l&#8217;eau courante). Le fabricant ne fournit pas de refroidisseurs de liquide.<\/span><br \/>\n<span dir=\"auto\">Principales caract\u00e9ristiques recommand\u00e9es pour le refroidisseur de liquide des unit\u00e9s AIVOX-50-1 et AIVOX-50-2\u00a0:<\/span><br \/>\n<span dir=\"auto\">puissance frigorifique de 10\u00a0kW\u00a0;<\/span><br \/>\n<span dir=\"auto\">d\u00e9bit nominal de fluide frigorig\u00e8ne de 2\u00a0m\u00b3\/h\u00a0;<\/span><br \/>\n<span dir=\"auto\">temp\u00e9rature ambiante estim\u00e9e de +35\u00a0\u00b0C\u00a0;<\/span><br \/>\n<span dir=\"auto\">plage de temp\u00e9rature ambiante de fonctionnement de +5\u00a0\u00b0C \u00e0 +43\u00a0\u00b0C\u00a0;<\/span><br \/>\n<span dir=\"auto\">volume du r\u00e9servoir de liquide de 70\u00a0l.<\/span><br \/>\n<span dir=\"auto\">Pour l&#8217;unit\u00e9 AIVOX-100-2, deux refroidisseurs de liquide r\u00e9pondant aux m\u00eames caract\u00e9ristiques sont n\u00e9cessaires.<\/span><\/p>","protected":false},"excerpt":{"rendered":"<p>L&#8217;unit\u00e9 se compose de deux parties principales : une machine \u00e0 former le ruban et une machine \u00e0 rouler la cire. La machine \u00e0 former le ruban permet d&#8217;obtenir un ruban de cire lisse enroul\u00e9 en rouleau. Elle est notamment \u00e9quip\u00e9e d&#8217;une chambre de pressage sp\u00e9ciale. Lors de son passage dans cette chambre, la cire&#8230;<\/p>","protected":false},"featured_media":3963,"comment_status":"open","ping_status":"closed","template":"","meta":{"_monsterinsights_skip_tracking":false,"_monsterinsights_sitenote_active":false,"_monsterinsights_sitenote_note":"","_monsterinsights_sitenote_category":0},"product_brand":[],"product_cat":[124],"product_tag":[],"class_list":{"0":"post-3956","1":"product","2":"type-product","3":"status-publish","4":"has-post-thumbnail","6":"product_cat-machine-a-gaufrer","8":"first","9":"instock","10":"featured","11":"shipping-taxable","12":"product-type-simple"},"_links":{"self":[{"href":"https:\/\/briadamagri.com\/en\/wp-json\/wp\/v2\/product\/3956","targetHints":{"allow":["GET"]}}],"collection":[{"href":"https:\/\/briadamagri.com\/en\/wp-json\/wp\/v2\/product"}],"about":[{"href":"https:\/\/briadamagri.com\/en\/wp-json\/wp\/v2\/types\/product"}],"replies":[{"embeddable":true,"href":"https:\/\/briadamagri.com\/en\/wp-json\/wp\/v2\/comments?post=3956"}],"wp:featuredmedia":[{"embeddable":true,"href":"https:\/\/briadamagri.com\/en\/wp-json\/wp\/v2\/media\/3963"}],"wp:attachment":[{"href":"https:\/\/briadamagri.com\/en\/wp-json\/wp\/v2\/media?parent=3956"}],"wp:term":[{"taxonomy":"product_brand","embeddable":true,"href":"https:\/\/briadamagri.com\/en\/wp-json\/wp\/v2\/product_brand?post=3956"},{"taxonomy":"product_cat","embeddable":true,"href":"https:\/\/briadamagri.com\/en\/wp-json\/wp\/v2\/product_cat?post=3956"},{"taxonomy":"product_tag","embeddable":true,"href":"https:\/\/briadamagri.com\/en\/wp-json\/wp\/v2\/product_tag?post=3956"}],"curies":[{"name":"wp","href":"https:\/\/api.w.org\/{rel}","templated":true}]}}