{"id":3967,"date":"2026-04-10T00:09:21","date_gmt":"2026-04-10T00:09:21","guid":{"rendered":"https:\/\/briadamagri.com\/?post_type=product&#038;p=3967"},"modified":"2026-04-10T08:52:52","modified_gmt":"2026-04-10T08:52:52","slug":"machine-a-rouler-la-cire-avec-armoire-de-commande-et-bain-de-preparation","status":"publish","type":"product","link":"https:\/\/briadamagri.com\/en\/product\/machine-a-rouler-la-cire-avec-armoire-de-commande-et-bain-de-preparation\/","title":{"rendered":"Wax rolling machine with control cabinet and preparation bath"},"content":{"rendered":"<p class=\"ds-markdown-paragraph\"><strong>Donn\u00e9es g\u00e9n\u00e9rales :<\/strong><\/p>\n<ul>\n<li>\n<p class=\"ds-markdown-paragraph\">Capacit\u00e9 de production : ~80 kg\/heure<\/p>\n<\/li>\n<li>\n<p class=\"ds-markdown-paragraph\">Largeur standard de la bande de cire : 260 mm<\/p>\n<\/li>\n<\/ul>\n<p class=\"ds-markdown-paragraph\"><strong>Puissance consomm\u00e9e (kW) :<\/strong><\/p>\n<ul>\n<li>\n<p class=\"ds-markdown-paragraph\">Puissance du moteur \u00e9lectrique : 1,1 kW<\/p>\n<\/li>\n<li>\n<p class=\"ds-markdown-paragraph\">Moteur d&#8217;entra\u00eenement des rouleaux tendeurs : 0,55 kW<\/p>\n<\/li>\n<li>\n<p class=\"ds-markdown-paragraph\">R\u00e9sistances chauffantes (TEN) du couteau de coupe : 0,3 kW<\/p>\n<\/li>\n<\/ul>\n<p class=\"ds-markdown-paragraph\"><strong>Dimensions hors tout (mm) :<\/strong><\/p>\n<ul>\n<li>\n<p class=\"ds-markdown-paragraph\">Longueur : 2010 mm<\/p>\n<\/li>\n<li>\n<p class=\"ds-markdown-paragraph\">Largeur : 650 mm<\/p>\n<\/li>\n<li>\n<p class=\"ds-markdown-paragraph\">Hauteur : 1240 mm<\/p>\n<\/li>\n<\/ul>\n<p class=\"ds-markdown-paragraph\"><strong>Poids :<\/strong>\u00a0300 kg<\/p>\n<p class=\"ds-markdown-paragraph\"><strong>Dimensions du bain de pr\u00e9paration (mm) :<\/strong><\/p>\n<ul>\n<li>\n<p class=\"ds-markdown-paragraph\">Longueur : 880 mm<\/p>\n<\/li>\n<li>\n<p class=\"ds-markdown-paragraph\">Largeur : 540 mm<\/p>\n<\/li>\n<li>\n<p class=\"ds-markdown-paragraph\">Hauteur : 815 mm<\/p>\n<\/li>\n<\/ul>\n<p class=\"ds-markdown-paragraph\"><strong>Poids :<\/strong>\u00a030 kg<\/p>","protected":false},"excerpt":{"rendered":"<p>Donn\u00e9es g\u00e9n\u00e9rales : Capacit\u00e9 de production : ~80 kg\/heure Largeur standard de la bande de cire : 260 mm Puissance consomm\u00e9e (kW) : Puissance du moteur \u00e9lectrique : 1,1 kW Moteur d&#8217;entra\u00eenement des rouleaux tendeurs : 0,55 kW R\u00e9sistances chauffantes (TEN) du couteau de coupe : 0,3 kW Dimensions hors tout (mm) : Longueur :&#8230;<\/p>","protected":false},"featured_media":4004,"comment_status":"open","ping_status":"closed","template":"","meta":{"_monsterinsights_skip_tracking":false,"_monsterinsights_sitenote_active":false,"_monsterinsights_sitenote_note":"","_monsterinsights_sitenote_category":0},"product_brand":[],"product_cat":[124],"product_tag":[],"class_list":{"0":"post-3967","1":"product","2":"type-product","3":"status-publish","4":"has-post-thumbnail","6":"product_cat-machine-a-gaufrer","8":"first","9":"instock","10":"shipping-taxable","11":"product-type-simple"},"_links":{"self":[{"href":"https:\/\/briadamagri.com\/en\/wp-json\/wp\/v2\/product\/3967","targetHints":{"allow":["GET"]}}],"collection":[{"href":"https:\/\/briadamagri.com\/en\/wp-json\/wp\/v2\/product"}],"about":[{"href":"https:\/\/briadamagri.com\/en\/wp-json\/wp\/v2\/types\/product"}],"replies":[{"embeddable":true,"href":"https:\/\/briadamagri.com\/en\/wp-json\/wp\/v2\/comments?post=3967"}],"wp:featuredmedia":[{"embeddable":true,"href":"https:\/\/briadamagri.com\/en\/wp-json\/wp\/v2\/media\/4004"}],"wp:attachment":[{"href":"https:\/\/briadamagri.com\/en\/wp-json\/wp\/v2\/media?parent=3967"}],"wp:term":[{"taxonomy":"product_brand","embeddable":true,"href":"https:\/\/briadamagri.com\/en\/wp-json\/wp\/v2\/product_brand?post=3967"},{"taxonomy":"product_cat","embeddable":true,"href":"https:\/\/briadamagri.com\/en\/wp-json\/wp\/v2\/product_cat?post=3967"},{"taxonomy":"product_tag","embeddable":true,"href":"https:\/\/briadamagri.com\/en\/wp-json\/wp\/v2\/product_tag?post=3967"}],"curies":[{"name":"wp","href":"https:\/\/api.w.org\/{rel}","templated":true}]}}