{"id":3970,"date":"2026-04-10T00:27:42","date_gmt":"2026-04-10T00:27:42","guid":{"rendered":"https:\/\/briadamagri.com\/?post_type=product&#038;p=3970"},"modified":"2026-04-10T00:37:15","modified_gmt":"2026-04-10T00:37:15","slug":"rouleaux-manuels-lisses","status":"publish","type":"product","link":"https:\/\/briadamagri.com\/en\/product\/rouleaux-manuels-lisses\/","title":{"rendered":"Rouleaux manuels lisses"},"content":{"rendered":"<p><span dir=\"auto\">Con\u00e7ue pour le laminage manuel de rubans ou de feuilles de cire \u00e9paisses en feuilles fines.<\/span><br \/>\n<span dir=\"auto\">Gr\u00e2ce \u00e0 ses rouleaux lisses, le ruban de cire \u00e9pais est pr\u00e9par\u00e9 pour un traitement ult\u00e9rieur sur des rouleaux grav\u00e9s.<\/span><br \/>\n<span dir=\"auto\">L&#8217;\u00e9paisseur du ruban de cire apr\u00e8s laminage est de 1,1 \u00e0 1,4 mm.<\/span><br \/>\n<span dir=\"auto\">Les mod\u00e8les de rouleaux diff\u00e8rent par la longueur de leur partie active.<\/span><\/p>","protected":false},"excerpt":{"rendered":"<p>Con\u00e7ue pour le laminage manuel de rubans ou de feuilles de cire \u00e9paisses en feuilles fines. Gr\u00e2ce \u00e0 ses rouleaux lisses, le ruban de cire \u00e9pais est pr\u00e9par\u00e9 pour un traitement ult\u00e9rieur sur des rouleaux grav\u00e9s. L&#8217;\u00e9paisseur du ruban de cire apr\u00e8s laminage est de 1,1 \u00e0 1,4 mm. Les mod\u00e8les de rouleaux diff\u00e8rent par&#8230;<\/p>","protected":false},"featured_media":3971,"comment_status":"open","ping_status":"closed","template":"","meta":{"_monsterinsights_skip_tracking":false,"_monsterinsights_sitenote_active":false,"_monsterinsights_sitenote_note":"","_monsterinsights_sitenote_category":0},"product_brand":[],"product_cat":[124],"product_tag":[],"class_list":{"0":"post-3970","1":"product","2":"type-product","3":"status-publish","4":"has-post-thumbnail","6":"product_cat-machine-a-gaufrer","8":"first","9":"instock","10":"shipping-taxable","11":"product-type-simple"},"_links":{"self":[{"href":"https:\/\/briadamagri.com\/en\/wp-json\/wp\/v2\/product\/3970","targetHints":{"allow":["GET"]}}],"collection":[{"href":"https:\/\/briadamagri.com\/en\/wp-json\/wp\/v2\/product"}],"about":[{"href":"https:\/\/briadamagri.com\/en\/wp-json\/wp\/v2\/types\/product"}],"replies":[{"embeddable":true,"href":"https:\/\/briadamagri.com\/en\/wp-json\/wp\/v2\/comments?post=3970"}],"wp:featuredmedia":[{"embeddable":true,"href":"https:\/\/briadamagri.com\/en\/wp-json\/wp\/v2\/media\/3971"}],"wp:attachment":[{"href":"https:\/\/briadamagri.com\/en\/wp-json\/wp\/v2\/media?parent=3970"}],"wp:term":[{"taxonomy":"product_brand","embeddable":true,"href":"https:\/\/briadamagri.com\/en\/wp-json\/wp\/v2\/product_brand?post=3970"},{"taxonomy":"product_cat","embeddable":true,"href":"https:\/\/briadamagri.com\/en\/wp-json\/wp\/v2\/product_cat?post=3970"},{"taxonomy":"product_tag","embeddable":true,"href":"https:\/\/briadamagri.com\/en\/wp-json\/wp\/v2\/product_tag?post=3970"}],"curies":[{"name":"wp","href":"https:\/\/api.w.org\/{rel}","templated":true}]}}