{"id":3978,"date":"2026-04-10T00:40:56","date_gmt":"2026-04-10T00:40:56","guid":{"rendered":"https:\/\/briadamagri.com\/?post_type=product&#038;p=3978"},"modified":"2026-04-10T00:43:40","modified_gmt":"2026-04-10T00:43:40","slug":"rouleaux-lisses-a-entrainement-electrique","status":"publish","type":"product","link":"https:\/\/briadamagri.com\/en\/product\/rouleaux-lisses-a-entrainement-electrique\/","title":{"rendered":"Electrically driven smooth rollers"},"content":{"rendered":"<p><span dir=\"auto\">Fabriqu\u00e9 \u00e0 partir de rouleaux de machine lisses.<\/span><br \/>\n<span dir=\"auto\">Le rouleau inf\u00e9rieur, enti\u00e8rement suspendu, supporte le motor\u00e9ducteur. Aliment\u00e9 en courant \u00e0 fr\u00e9quence variable, il assure le maintien du couple du moteur \u00e9lectrique et le r\u00e9glage de l&#8217;enroulement des rouleaux.<\/span><\/p>\n<ul>\n<li>\n<p class=\"ds-markdown-paragraph\">Productivit\u00e9, kg\/h : 0,75<\/p>\n<\/li>\n<li>\n<p class=\"ds-markdown-paragraph\">Vitesse de rotation des rouleaux, tr\/min (sans r\u00e9glage) : 23<\/p>\n<\/li>\n<li>\n<p class=\"ds-markdown-paragraph\">Rapport de r\u00e9duction du r\u00e9ducteur : 60<\/p>\n<\/li>\n<\/ul>","protected":false},"excerpt":{"rendered":"<p>Fabriqu\u00e9 \u00e0 partir de rouleaux de machine lisses. Le rouleau inf\u00e9rieur, enti\u00e8rement suspendu, supporte le motor\u00e9ducteur. Aliment\u00e9 en courant \u00e0 fr\u00e9quence variable, il assure le maintien du couple du moteur \u00e9lectrique et le r\u00e9glage de l&#8217;enroulement des rouleaux. Productivit\u00e9, kg\/h : 0,75 Vitesse de rotation des rouleaux, tr\/min (sans r\u00e9glage) : 23 Rapport de r\u00e9duction&#8230;<\/p>","protected":false},"featured_media":3979,"comment_status":"open","ping_status":"closed","template":"","meta":{"_monsterinsights_skip_tracking":false,"_monsterinsights_sitenote_active":false,"_monsterinsights_sitenote_note":"","_monsterinsights_sitenote_category":0},"product_brand":[],"product_cat":[124],"product_tag":[],"class_list":{"0":"post-3978","1":"product","2":"type-product","3":"status-publish","4":"has-post-thumbnail","6":"product_cat-machine-a-gaufrer","8":"first","9":"instock","10":"shipping-taxable","11":"product-type-simple"},"_links":{"self":[{"href":"https:\/\/briadamagri.com\/en\/wp-json\/wp\/v2\/product\/3978","targetHints":{"allow":["GET"]}}],"collection":[{"href":"https:\/\/briadamagri.com\/en\/wp-json\/wp\/v2\/product"}],"about":[{"href":"https:\/\/briadamagri.com\/en\/wp-json\/wp\/v2\/types\/product"}],"replies":[{"embeddable":true,"href":"https:\/\/briadamagri.com\/en\/wp-json\/wp\/v2\/comments?post=3978"}],"wp:featuredmedia":[{"embeddable":true,"href":"https:\/\/briadamagri.com\/en\/wp-json\/wp\/v2\/media\/3979"}],"wp:attachment":[{"href":"https:\/\/briadamagri.com\/en\/wp-json\/wp\/v2\/media?parent=3978"}],"wp:term":[{"taxonomy":"product_brand","embeddable":true,"href":"https:\/\/briadamagri.com\/en\/wp-json\/wp\/v2\/product_brand?post=3978"},{"taxonomy":"product_cat","embeddable":true,"href":"https:\/\/briadamagri.com\/en\/wp-json\/wp\/v2\/product_cat?post=3978"},{"taxonomy":"product_tag","embeddable":true,"href":"https:\/\/briadamagri.com\/en\/wp-json\/wp\/v2\/product_tag?post=3978"}],"curies":[{"name":"wp","href":"https:\/\/api.w.org\/{rel}","templated":true}]}}