{"id":3980,"date":"2026-04-10T00:42:53","date_gmt":"2026-04-10T00:42:53","guid":{"rendered":"https:\/\/briadamagri.com\/?post_type=product&#038;p=3980"},"modified":"2026-04-10T00:42:53","modified_gmt":"2026-04-10T00:42:53","slug":"rouleaux-graves-a-entrainement-electrique","status":"publish","type":"product","link":"https:\/\/briadamagri.com\/en\/product\/rouleaux-graves-a-entrainement-electrique\/","title":{"rendered":"Electrically driven engraved rollers"},"content":{"rendered":"<p><span dir=\"auto\">Fabriqu\u00e9 \u00e0 partir de rouleaux de machine grav\u00e9s.<\/span><br \/>\n<span dir=\"auto\">Le rouleau inf\u00e9rieur poss\u00e8de un axe allong\u00e9 sur lequel est mont\u00e9 le motor\u00e9ducteur. Livr\u00e9 avec un variateur de fr\u00e9quence, indispensable au maintien du couple du moteur \u00e9lectrique et \u00e0 la r\u00e9gulation de la vitesse des rouleaux.<\/span><\/p>\n<ul>\n<li>\n<p class=\"ds-markdown-paragraph\">Productivit\u00e9, kg\/h : 0,75<\/p>\n<\/li>\n<li>\n<p class=\"ds-markdown-paragraph\">Vitesse de rotation des rouleaux, tr\/min (sans r\u00e9glage) : 23<\/p>\n<\/li>\n<li>\n<p class=\"ds-markdown-paragraph\">Rapport de r\u00e9duction du r\u00e9ducteur : 60<\/p>\n<\/li>\n<\/ul>","protected":false},"excerpt":{"rendered":"<p>Fabriqu\u00e9 \u00e0 partir de rouleaux de machine grav\u00e9s. Le rouleau inf\u00e9rieur poss\u00e8de un axe allong\u00e9 sur lequel est mont\u00e9 le motor\u00e9ducteur. Livr\u00e9 avec un variateur de fr\u00e9quence, indispensable au maintien du couple du moteur \u00e9lectrique et \u00e0 la r\u00e9gulation de la vitesse des rouleaux. Productivit\u00e9, kg\/h : 0,75 Vitesse de rotation des rouleaux, tr\/min (sans&#8230;<\/p>","protected":false},"featured_media":3981,"comment_status":"open","ping_status":"closed","template":"","meta":{"_monsterinsights_skip_tracking":false,"_monsterinsights_sitenote_active":false,"_monsterinsights_sitenote_note":"","_monsterinsights_sitenote_category":0},"product_brand":[],"product_cat":[124],"product_tag":[],"class_list":{"0":"post-3980","1":"product","2":"type-product","3":"status-publish","4":"has-post-thumbnail","6":"product_cat-machine-a-gaufrer","8":"first","9":"instock","10":"shipping-taxable","11":"product-type-simple"},"_links":{"self":[{"href":"https:\/\/briadamagri.com\/en\/wp-json\/wp\/v2\/product\/3980","targetHints":{"allow":["GET"]}}],"collection":[{"href":"https:\/\/briadamagri.com\/en\/wp-json\/wp\/v2\/product"}],"about":[{"href":"https:\/\/briadamagri.com\/en\/wp-json\/wp\/v2\/types\/product"}],"replies":[{"embeddable":true,"href":"https:\/\/briadamagri.com\/en\/wp-json\/wp\/v2\/comments?post=3980"}],"wp:featuredmedia":[{"embeddable":true,"href":"https:\/\/briadamagri.com\/en\/wp-json\/wp\/v2\/media\/3981"}],"wp:attachment":[{"href":"https:\/\/briadamagri.com\/en\/wp-json\/wp\/v2\/media?parent=3980"}],"wp:term":[{"taxonomy":"product_brand","embeddable":true,"href":"https:\/\/briadamagri.com\/en\/wp-json\/wp\/v2\/product_brand?post=3980"},{"taxonomy":"product_cat","embeddable":true,"href":"https:\/\/briadamagri.com\/en\/wp-json\/wp\/v2\/product_cat?post=3980"},{"taxonomy":"product_tag","embeddable":true,"href":"https:\/\/briadamagri.com\/en\/wp-json\/wp\/v2\/product_tag?post=3980"}],"curies":[{"name":"wp","href":"https:\/\/api.w.org\/{rel}","templated":true}]}}