{"id":3989,"date":"2026-04-10T01:09:51","date_gmt":"2026-04-10T01:09:51","guid":{"rendered":"https:\/\/briadamagri.com\/?post_type=product&#038;p=3989"},"modified":"2026-04-10T01:09:51","modified_gmt":"2026-04-10T01:09:51","slug":"fondoir-a-vapeur-pour-cadres-entiers-electrique","status":"publish","type":"product","link":"https:\/\/briadamagri.com\/en\/product\/fondoir-a-vapeur-pour-cadres-entiers-electrique\/","title":{"rendered":"Fondoir \u00e0 vapeur pour cadres entiers \u2013 \u00e9lectrique"},"content":{"rendered":"<p><strong><span dir=\"auto\">Capacit\u00e9\u00a0:<\/span><\/strong><span dir=\"auto\">\u00a015 \u00e0 17 cadres.<\/span><br \/>\n<strong><span dir=\"auto\">Alimentation\u00a0:\u00a0<\/span><\/strong><span dir=\"auto\">\u00a0\u00e9lectricit\u00e9 (2\u00a0\u00d7\u00a01,5\u00a0kW\/220\u00a0V).<\/span><\/p>\n<p><span dir=\"auto\">Dimensions du panier : 455 x 535 x 330<\/span><\/p>\n<p><span dir=\"auto\">Dimensions : 640 x 760 x 1080<\/span><\/p>\n<p><span dir=\"auto\">Le dispositif de fusion \u00e0 vapeur pour les cadres entiers est fabriqu\u00e9 \u00e0 partir d&#8217;une t\u00f4le d&#8217;acier inoxydable 304 de 1 mm d&#8217;\u00e9paisseur.<\/span><\/p>\n<p><span dir=\"auto\">Le combustible utilis\u00e9 pour cette fonderie est l&#8217;\u00e9lectricit\u00e9.<\/span><br \/>\n<span dir=\"auto\">Deux r\u00e9sistances de 1500 W assurent le chauffage \u00e9lectrique.<\/span><\/p>\n<p><span dir=\"auto\">La capacit\u00e9 de cette fonderie est de 15 \u00e0 17 cadres, selon le nombre de rayons de miel construits.<\/span><\/p>\n<p><span dir=\"auto\">Il est \u00e9galement possible de faire fondre de la cire pure hors du cadre.<\/span><br \/>\n<span dir=\"auto\">Un r\u00e9cipient en t\u00f4le perfor\u00e9e \u00e0 l&#8217;int\u00e9rieur du fondoir emp\u00eache les fils et les d\u00e9bris de boucher le robinet.<\/span><br \/>\n<span dir=\"auto\">Le niveau d&#8217;eau est r\u00e9gul\u00e9 par des r\u00e9servoirs reli\u00e9s entre eux, ce qui permet de contr\u00f4ler facilement l&#8217;\u00e9vaporation.<\/span><br \/>\n<span dir=\"auto\">Si vous souhaitez vider l&#8217;eau en fin de travail, le fondoir est \u00e9quip\u00e9 d&#8217;un robinet pour \u00e9vacuer l&#8217;exc\u00e9dent.<\/span><\/p>\n<p><span dir=\"auto\">Ce mod\u00e8le ne poss\u00e8de pas de foyer, mais il est possible d&#8217;en installer un ult\u00e9rieurement.<\/span><\/p>\n<p><span dir=\"auto\">Les pieds sont r\u00e9glables, ce qui permet d&#8217;incliner le fondoir si n\u00e9cessaire.<\/span><br \/>\n<span dir=\"auto\">Les poign\u00e9es en bak\u00e9lite auxquelles les pieds sont fix\u00e9s permettent un r\u00e9glage pr\u00e9cis m\u00eame en cours de fonctionnement.<\/span><\/p>","protected":false},"excerpt":{"rendered":"<p>Capacit\u00e9\u00a0:\u00a015 \u00e0 17 cadres. Alimentation\u00a0:\u00a0\u00a0\u00e9lectricit\u00e9 (2\u00a0\u00d7\u00a01,5\u00a0kW\/220\u00a0V). Dimensions du panier : 455 x 535 x 330 Dimensions : 640 x 760 x 1080 Le dispositif de fusion \u00e0 vapeur pour les cadres entiers est fabriqu\u00e9 \u00e0 partir d&#8217;une t\u00f4le d&#8217;acier inoxydable 304 de 1 mm d&#8217;\u00e9paisseur. Le combustible utilis\u00e9 pour cette fonderie est l&#8217;\u00e9lectricit\u00e9. Deux r\u00e9sistances&#8230;<\/p>","protected":false},"featured_media":3990,"comment_status":"open","ping_status":"closed","template":"","meta":{"_monsterinsights_skip_tracking":false,"_monsterinsights_sitenote_active":false,"_monsterinsights_sitenote_note":"","_monsterinsights_sitenote_category":0},"product_brand":[],"product_cat":[125],"product_tag":[],"class_list":{"0":"post-3989","1":"product","2":"type-product","3":"status-publish","4":"has-post-thumbnail","6":"product_cat-fondoir-de-la-cire","8":"first","9":"instock","10":"shipping-taxable","11":"product-type-simple"},"_links":{"self":[{"href":"https:\/\/briadamagri.com\/en\/wp-json\/wp\/v2\/product\/3989","targetHints":{"allow":["GET"]}}],"collection":[{"href":"https:\/\/briadamagri.com\/en\/wp-json\/wp\/v2\/product"}],"about":[{"href":"https:\/\/briadamagri.com\/en\/wp-json\/wp\/v2\/types\/product"}],"replies":[{"embeddable":true,"href":"https:\/\/briadamagri.com\/en\/wp-json\/wp\/v2\/comments?post=3989"}],"wp:featuredmedia":[{"embeddable":true,"href":"https:\/\/briadamagri.com\/en\/wp-json\/wp\/v2\/media\/3990"}],"wp:attachment":[{"href":"https:\/\/briadamagri.com\/en\/wp-json\/wp\/v2\/media?parent=3989"}],"wp:term":[{"taxonomy":"product_brand","embeddable":true,"href":"https:\/\/briadamagri.com\/en\/wp-json\/wp\/v2\/product_brand?post=3989"},{"taxonomy":"product_cat","embeddable":true,"href":"https:\/\/briadamagri.com\/en\/wp-json\/wp\/v2\/product_cat?post=3989"},{"taxonomy":"product_tag","embeddable":true,"href":"https:\/\/briadamagri.com\/en\/wp-json\/wp\/v2\/product_tag?post=3989"}],"curies":[{"name":"wp","href":"https:\/\/api.w.org\/{rel}","templated":true}]}}