{"id":4009,"date":"2026-04-10T18:51:54","date_gmt":"2026-04-10T18:51:54","guid":{"rendered":"https:\/\/briadamagri.com\/?post_type=product&#038;p=4009"},"modified":"2026-04-10T18:51:54","modified_gmt":"2026-04-10T18:51:54","slug":"doseuse-et-pompe-a-miel-professionnelle-fill-up-2-honeyaid","status":"publish","type":"product","link":"https:\/\/briadamagri.com\/en\/product\/doseuse-et-pompe-a-miel-professionnelle-fill-up-2-honeyaid\/","title":{"rendered":"Doseuse et pompe \u00e0 miel professionnelle Fill Up 2 Honeyaid"},"content":{"rendered":"<p>Optimisez votre mise en pot avec la doseuse Fill Up 2 Honeyaid, l&#8217;\u00e9quipement professionnel id\u00e9al pour conditionner miels liquides et cr\u00e9meux. Cet appareil polyvalent combine une pompe \u00e0 engrenages performante et un programmateur \u00e9lectronique, assurant un dosage constant d&#8217;une pr\u00e9cision de 1 gramme. Aspirez le miel directement depuis votre maturateur et utilisez-la comme pompe de transfert. Sa cadence \u00e9lev\u00e9e (jusqu&#8217;\u00e0 600 kg\/heure) en fait un atout majeur pour votre miellerie, support en inox inclus.<\/p>","protected":false},"excerpt":{"rendered":"<p>Optimisez votre mise en pot avec la doseuse Fill Up 2 Honeyaid, l&#8217;\u00e9quipement professionnel id\u00e9al pour conditionner miels liquides et cr\u00e9meux. Cet appareil polyvalent combine une pompe \u00e0 engrenages performante et un programmateur \u00e9lectronique, assurant un dosage constant d&#8217;une pr\u00e9cision de 1 gramme. Aspirez le miel directement depuis votre maturateur et utilisez-la comme pompe de&#8230;<\/p>","protected":false},"featured_media":4010,"comment_status":"open","ping_status":"closed","template":"","meta":{"_monsterinsights_skip_tracking":false,"_monsterinsights_sitenote_active":false,"_monsterinsights_sitenote_note":"","_monsterinsights_sitenote_category":0},"product_brand":[],"product_cat":[120],"product_tag":[],"class_list":{"0":"post-4009","1":"product","2":"type-product","3":"status-publish","4":"has-post-thumbnail","6":"product_cat-doseuse","8":"first","9":"instock","10":"shipping-taxable","11":"product-type-simple"},"_links":{"self":[{"href":"https:\/\/briadamagri.com\/en\/wp-json\/wp\/v2\/product\/4009","targetHints":{"allow":["GET"]}}],"collection":[{"href":"https:\/\/briadamagri.com\/en\/wp-json\/wp\/v2\/product"}],"about":[{"href":"https:\/\/briadamagri.com\/en\/wp-json\/wp\/v2\/types\/product"}],"replies":[{"embeddable":true,"href":"https:\/\/briadamagri.com\/en\/wp-json\/wp\/v2\/comments?post=4009"}],"wp:featuredmedia":[{"embeddable":true,"href":"https:\/\/briadamagri.com\/en\/wp-json\/wp\/v2\/media\/4010"}],"wp:attachment":[{"href":"https:\/\/briadamagri.com\/en\/wp-json\/wp\/v2\/media?parent=4009"}],"wp:term":[{"taxonomy":"product_brand","embeddable":true,"href":"https:\/\/briadamagri.com\/en\/wp-json\/wp\/v2\/product_brand?post=4009"},{"taxonomy":"product_cat","embeddable":true,"href":"https:\/\/briadamagri.com\/en\/wp-json\/wp\/v2\/product_cat?post=4009"},{"taxonomy":"product_tag","embeddable":true,"href":"https:\/\/briadamagri.com\/en\/wp-json\/wp\/v2\/product_tag?post=4009"}],"curies":[{"name":"wp","href":"https:\/\/api.w.org\/{rel}","templated":true}]}}