{"id":4014,"date":"2026-04-10T19:20:56","date_gmt":"2026-04-10T19:20:56","guid":{"rendered":"https:\/\/briadamagri.com\/?post_type=product&#038;p=4014"},"modified":"2026-04-10T19:20:56","modified_gmt":"2026-04-10T19:20:56","slug":"leve-cadre-rouge-europeen","status":"publish","type":"product","link":"https:\/\/briadamagri.com\/en\/product\/leve-cadre-rouge-europeen\/","title":{"rendered":"European red frame lift"},"content":{"rendered":"","protected":false},"excerpt":{"rendered":"<p><span dir=\"auto\">La spatule indispensable pour une gestion efficace des ruches. Fabriqu\u00e9e en acier inoxydable de haute qualit\u00e9, cette spatule d&#8217;apiculteur est un outil multifonctionnel con\u00e7u pour faciliter les t\u00e2ches quotidiennes de l&#8217;apiculteur.<\/span><\/p>\n<p><span dir=\"auto\">Sa conception technique et fonctionnelle allie robustesse, durabilit\u00e9 et pr\u00e9cision dans un outil de 25 cm de long. Peint en rouge vif pour une rep\u00e9rage facile sur le terrain ou \u00e0 l&#8217;atelier, il est un alli\u00e9 indispensable de votre \u00e9quipement apicole.<\/span><\/p>","protected":false},"featured_media":4015,"comment_status":"open","ping_status":"closed","template":"","meta":{"_monsterinsights_skip_tracking":false,"_monsterinsights_sitenote_active":false,"_monsterinsights_sitenote_note":"","_monsterinsights_sitenote_category":0},"product_brand":[],"product_cat":[128],"product_tag":[],"class_list":{"0":"post-4014","1":"product","2":"type-product","3":"status-publish","4":"has-post-thumbnail","6":"product_cat-leve-cadre","8":"first","9":"instock","10":"shipping-taxable","11":"product-type-simple"},"_links":{"self":[{"href":"https:\/\/briadamagri.com\/en\/wp-json\/wp\/v2\/product\/4014","targetHints":{"allow":["GET"]}}],"collection":[{"href":"https:\/\/briadamagri.com\/en\/wp-json\/wp\/v2\/product"}],"about":[{"href":"https:\/\/briadamagri.com\/en\/wp-json\/wp\/v2\/types\/product"}],"replies":[{"embeddable":true,"href":"https:\/\/briadamagri.com\/en\/wp-json\/wp\/v2\/comments?post=4014"}],"wp:featuredmedia":[{"embeddable":true,"href":"https:\/\/briadamagri.com\/en\/wp-json\/wp\/v2\/media\/4015"}],"wp:attachment":[{"href":"https:\/\/briadamagri.com\/en\/wp-json\/wp\/v2\/media?parent=4014"}],"wp:term":[{"taxonomy":"product_brand","embeddable":true,"href":"https:\/\/briadamagri.com\/en\/wp-json\/wp\/v2\/product_brand?post=4014"},{"taxonomy":"product_cat","embeddable":true,"href":"https:\/\/briadamagri.com\/en\/wp-json\/wp\/v2\/product_cat?post=4014"},{"taxonomy":"product_tag","embeddable":true,"href":"https:\/\/briadamagri.com\/en\/wp-json\/wp\/v2\/product_tag?post=4014"}],"curies":[{"name":"wp","href":"https:\/\/api.w.org\/{rel}","templated":true}]}}