{"id":4021,"date":"2026-04-10T19:34:19","date_gmt":"2026-04-10T19:34:19","guid":{"rendered":"https:\/\/briadamagri.com\/?post_type=product&#038;p=4021"},"modified":"2026-04-10T19:34:19","modified_gmt":"2026-04-10T19:34:19","slug":"pince-pour-cadre-serbien-en-inox","status":"publish","type":"product","link":"https:\/\/briadamagri.com\/en\/product\/pince-pour-cadre-serbien-en-inox\/","title":{"rendered":"Serbian stainless steel frame clamp"},"content":{"rendered":"<p>Cette\u00a0<strong>pince pour cadre Serbien en inox<\/strong>\u00a0vous permet de saisir et d\u00e9tacher facilement vos cadres de ruche. Compatible avec tous les mod\u00e8les de ruche, elle offre une excellente prise en main sans effort particulier. Un outil indispensable pour manipuler vos cadres en toute s\u00e9curit\u00e9 et efficacit\u00e9 lors de vos visites de ruche.<\/p>","protected":false},"excerpt":{"rendered":"<p>Cette\u00a0pince pour cadre Serbien en inox\u00a0vous permet de saisir et d\u00e9tacher facilement vos cadres de ruche. Compatible avec tous les mod\u00e8les de ruche, elle offre une excellente prise en main sans effort particulier. Un outil indispensable pour manipuler vos cadres en toute s\u00e9curit\u00e9 et efficacit\u00e9 lors de vos visites de ruche.<\/p>","protected":false},"featured_media":4022,"comment_status":"open","ping_status":"closed","template":"","meta":{"_monsterinsights_skip_tracking":false,"_monsterinsights_sitenote_active":false,"_monsterinsights_sitenote_note":"","_monsterinsights_sitenote_category":0},"product_brand":[],"product_cat":[128],"product_tag":[],"class_list":{"0":"post-4021","1":"product","2":"type-product","3":"status-publish","4":"has-post-thumbnail","6":"product_cat-leve-cadre","8":"first","9":"instock","10":"shipping-taxable","11":"product-type-simple"},"_links":{"self":[{"href":"https:\/\/briadamagri.com\/en\/wp-json\/wp\/v2\/product\/4021","targetHints":{"allow":["GET"]}}],"collection":[{"href":"https:\/\/briadamagri.com\/en\/wp-json\/wp\/v2\/product"}],"about":[{"href":"https:\/\/briadamagri.com\/en\/wp-json\/wp\/v2\/types\/product"}],"replies":[{"embeddable":true,"href":"https:\/\/briadamagri.com\/en\/wp-json\/wp\/v2\/comments?post=4021"}],"wp:featuredmedia":[{"embeddable":true,"href":"https:\/\/briadamagri.com\/en\/wp-json\/wp\/v2\/media\/4022"}],"wp:attachment":[{"href":"https:\/\/briadamagri.com\/en\/wp-json\/wp\/v2\/media?parent=4021"}],"wp:term":[{"taxonomy":"product_brand","embeddable":true,"href":"https:\/\/briadamagri.com\/en\/wp-json\/wp\/v2\/product_brand?post=4021"},{"taxonomy":"product_cat","embeddable":true,"href":"https:\/\/briadamagri.com\/en\/wp-json\/wp\/v2\/product_cat?post=4021"},{"taxonomy":"product_tag","embeddable":true,"href":"https:\/\/briadamagri.com\/en\/wp-json\/wp\/v2\/product_tag?post=4021"}],"curies":[{"name":"wp","href":"https:\/\/api.w.org\/{rel}","templated":true}]}}