{"id":4023,"date":"2026-04-10T19:47:15","date_gmt":"2026-04-10T19:47:15","guid":{"rendered":"https:\/\/briadamagri.com\/?post_type=product&#038;p=4023"},"modified":"2026-04-10T19:47:16","modified_gmt":"2026-04-10T19:47:16","slug":"pince-leve-cadres-avec-levier-serbien-190mm-outil-apicole-2-en-1","status":"publish","type":"product","link":"https:\/\/briadamagri.com\/en\/product\/pince-leve-cadres-avec-levier-serbien-190mm-outil-apicole-2-en-1\/","title":{"rendered":"Pince l\u00e8ve-cadres avec levier serbien 190mm &#8211; outil apicole 2 en 1"},"content":{"rendered":"<p>Cette pince l\u00e8ve-cadres avec levier serbien est un\u00a0<strong>outil 2 en 1<\/strong>\u00a0indispensable pour l&#8217;apiculteur. Robuste, l\u00e9g\u00e8re et ergonomique, elle offre une excellente prise en main sans effort gr\u00e2ce \u00e0 son ressort souple. Avec sa longueur de 190mm avec levier, elle permet de d\u00e9coller et soulever facilement tous types de cadres.<\/p>","protected":false},"excerpt":{"rendered":"<p>Cette pince l\u00e8ve-cadres avec levier serbien est un\u00a0outil 2 en 1\u00a0indispensable pour l&#8217;apiculteur. Robuste, l\u00e9g\u00e8re et ergonomique, elle offre une excellente prise en main sans effort gr\u00e2ce \u00e0 son ressort souple. Avec sa longueur de 190mm avec levier, elle permet de d\u00e9coller et soulever facilement tous types de cadres.<\/p>","protected":false},"featured_media":4024,"comment_status":"open","ping_status":"closed","template":"","meta":{"_monsterinsights_skip_tracking":false,"_monsterinsights_sitenote_active":false,"_monsterinsights_sitenote_note":"","_monsterinsights_sitenote_category":0},"product_brand":[],"product_cat":[91],"product_tag":[],"class_list":{"0":"post-4023","1":"product","2":"type-product","3":"status-publish","4":"has-post-thumbnail","6":"product_cat-materiel-apicole","8":"first","9":"instock","10":"shipping-taxable","11":"product-type-simple"},"_links":{"self":[{"href":"https:\/\/briadamagri.com\/en\/wp-json\/wp\/v2\/product\/4023","targetHints":{"allow":["GET"]}}],"collection":[{"href":"https:\/\/briadamagri.com\/en\/wp-json\/wp\/v2\/product"}],"about":[{"href":"https:\/\/briadamagri.com\/en\/wp-json\/wp\/v2\/types\/product"}],"replies":[{"embeddable":true,"href":"https:\/\/briadamagri.com\/en\/wp-json\/wp\/v2\/comments?post=4023"}],"wp:featuredmedia":[{"embeddable":true,"href":"https:\/\/briadamagri.com\/en\/wp-json\/wp\/v2\/media\/4024"}],"wp:attachment":[{"href":"https:\/\/briadamagri.com\/en\/wp-json\/wp\/v2\/media?parent=4023"}],"wp:term":[{"taxonomy":"product_brand","embeddable":true,"href":"https:\/\/briadamagri.com\/en\/wp-json\/wp\/v2\/product_brand?post=4023"},{"taxonomy":"product_cat","embeddable":true,"href":"https:\/\/briadamagri.com\/en\/wp-json\/wp\/v2\/product_cat?post=4023"},{"taxonomy":"product_tag","embeddable":true,"href":"https:\/\/briadamagri.com\/en\/wp-json\/wp\/v2\/product_tag?post=4023"}],"curies":[{"name":"wp","href":"https:\/\/api.w.org\/{rel}","templated":true}]}}