{"id":4037,"date":"2026-04-10T23:13:10","date_gmt":"2026-04-10T23:13:10","guid":{"rendered":"https:\/\/briadamagri.com\/?post_type=product&#038;p=4037"},"modified":"2026-04-10T23:13:10","modified_gmt":"2026-04-10T23:13:10","slug":"chambre-de-decristallisation-et-sechoir-a-pollen-12-plateaux","status":"publish","type":"product","link":"https:\/\/briadamagri.com\/en\/product\/chambre-de-decristallisation-et-sechoir-a-pollen-12-plateaux\/","title":{"rendered":"Chambre de d\u00e9cristallisation et s\u00e9choir \u00e0 pollen, 12 plateaux"},"content":{"rendered":"<p>Soyez le premier \u00e0 donner votre avis sur \u00ab\u00a0Chambre de d\u00e9cristallisation et s\u00e9choir \u00e0 pollen 12 plateaux\u00a0\u00bb<\/p>","protected":false},"excerpt":{"rendered":"<p>Soyez le premier \u00e0 donner votre avis sur \u00ab\u00a0Chambre de d\u00e9cristallisation et s\u00e9choir \u00e0 pollen 12 plateaux\u00a0\u00bb<\/p>","protected":false},"featured_media":4038,"comment_status":"open","ping_status":"closed","template":"","meta":{"_monsterinsights_skip_tracking":false,"_monsterinsights_sitenote_active":false,"_monsterinsights_sitenote_note":"","_monsterinsights_sitenote_category":0},"product_brand":[],"product_cat":[144],"product_tag":[],"class_list":{"0":"post-4037","1":"product","2":"type-product","3":"status-publish","4":"has-post-thumbnail","6":"product_cat-sechoir-de-pelle","8":"first","9":"instock","10":"shipping-taxable","11":"product-type-simple"},"_links":{"self":[{"href":"https:\/\/briadamagri.com\/en\/wp-json\/wp\/v2\/product\/4037","targetHints":{"allow":["GET"]}}],"collection":[{"href":"https:\/\/briadamagri.com\/en\/wp-json\/wp\/v2\/product"}],"about":[{"href":"https:\/\/briadamagri.com\/en\/wp-json\/wp\/v2\/types\/product"}],"replies":[{"embeddable":true,"href":"https:\/\/briadamagri.com\/en\/wp-json\/wp\/v2\/comments?post=4037"}],"wp:featuredmedia":[{"embeddable":true,"href":"https:\/\/briadamagri.com\/en\/wp-json\/wp\/v2\/media\/4038"}],"wp:attachment":[{"href":"https:\/\/briadamagri.com\/en\/wp-json\/wp\/v2\/media?parent=4037"}],"wp:term":[{"taxonomy":"product_brand","embeddable":true,"href":"https:\/\/briadamagri.com\/en\/wp-json\/wp\/v2\/product_brand?post=4037"},{"taxonomy":"product_cat","embeddable":true,"href":"https:\/\/briadamagri.com\/en\/wp-json\/wp\/v2\/product_cat?post=4037"},{"taxonomy":"product_tag","embeddable":true,"href":"https:\/\/briadamagri.com\/en\/wp-json\/wp\/v2\/product_tag?post=4037"}],"curies":[{"name":"wp","href":"https:\/\/api.w.org\/{rel}","templated":true}]}}