{"id":4044,"date":"2026-04-10T23:23:12","date_gmt":"2026-04-10T23:23:12","guid":{"rendered":"https:\/\/briadamagri.com\/?post_type=product&#038;p=4044"},"modified":"2026-04-10T23:23:12","modified_gmt":"2026-04-10T23:23:12","slug":"round-mask","status":"publish","type":"product","link":"https:\/\/briadamagri.com\/en\/product\/round-mask\/","title":{"rendered":"round mask"},"content":{"rendered":"<p>Cette blouse \u00e0 visi\u00e8re ronde, en polyester et coton, se distingue par sa durabilit\u00e9, sa s\u00e9curit\u00e9 et son confort. Elle est dot\u00e9e d&#8217;une fermeture \u00e9clair permettant de d\u00e9tacher la visi\u00e8re. Disponible en plusieurs tailles (voir le guide des tailles dans les sp\u00e9cifications).<\/p>","protected":false},"excerpt":{"rendered":"<p>Cette blouse \u00e0 visi\u00e8re ronde, en polyester et coton, se distingue par sa durabilit\u00e9, sa s\u00e9curit\u00e9 et son confort. Elle est dot\u00e9e d&#8217;une fermeture \u00e9clair permettant de d\u00e9tacher la visi\u00e8re. Disponible en plusieurs tailles (voir le guide des tailles dans les sp\u00e9cifications).<\/p>","protected":false},"featured_media":4045,"comment_status":"open","ping_status":"closed","template":"","meta":{"_monsterinsights_skip_tracking":false,"_monsterinsights_sitenote_active":false,"_monsterinsights_sitenote_note":"","_monsterinsights_sitenote_category":0},"product_brand":[],"product_cat":[140],"product_tag":[],"class_list":{"0":"post-4044","1":"product","2":"type-product","3":"status-publish","4":"has-post-thumbnail","6":"product_cat-combinaison-sans-loge","8":"first","9":"instock","10":"shipping-taxable","11":"product-type-simple"},"_links":{"self":[{"href":"https:\/\/briadamagri.com\/en\/wp-json\/wp\/v2\/product\/4044","targetHints":{"allow":["GET"]}}],"collection":[{"href":"https:\/\/briadamagri.com\/en\/wp-json\/wp\/v2\/product"}],"about":[{"href":"https:\/\/briadamagri.com\/en\/wp-json\/wp\/v2\/types\/product"}],"replies":[{"embeddable":true,"href":"https:\/\/briadamagri.com\/en\/wp-json\/wp\/v2\/comments?post=4044"}],"wp:featuredmedia":[{"embeddable":true,"href":"https:\/\/briadamagri.com\/en\/wp-json\/wp\/v2\/media\/4045"}],"wp:attachment":[{"href":"https:\/\/briadamagri.com\/en\/wp-json\/wp\/v2\/media?parent=4044"}],"wp:term":[{"taxonomy":"product_brand","embeddable":true,"href":"https:\/\/briadamagri.com\/en\/wp-json\/wp\/v2\/product_brand?post=4044"},{"taxonomy":"product_cat","embeddable":true,"href":"https:\/\/briadamagri.com\/en\/wp-json\/wp\/v2\/product_cat?post=4044"},{"taxonomy":"product_tag","embeddable":true,"href":"https:\/\/briadamagri.com\/en\/wp-json\/wp\/v2\/product_tag?post=4044"}],"curies":[{"name":"wp","href":"https:\/\/api.w.org\/{rel}","templated":true}]}}